{"id":12,"date":"2018-08-27T12:17:23","date_gmt":"2018-08-27T12:17:23","guid":{"rendered":"https:\/\/megabiuro.com.pl\/index.php\/why-choose-me\/"},"modified":"2022-01-03T16:36:47","modified_gmt":"2022-01-03T16:36:47","slug":"zaufanie","status":"publish","type":"page","link":"https:\/\/megabiuro.com.pl\/index.php\/zaufanie\/","title":{"rendered":"Warto nam zaufa\u0107"},"content":{"rendered":"\t\t<div data-elementor-type=\"wp-post\" data-elementor-id=\"12\" class=\"elementor elementor-12\">\n\t\t\t\t\t\t<section class=\"elementor-section elementor-top-section elementor-element elementor-element-c72c06a elementor-section-boxed elementor-section-height-default elementor-section-height-default\" data-id=\"c72c06a\" data-element_type=\"section\" data-settings=\"{&quot;background_background&quot;:&quot;classic&quot;}\">\n\t\t\t\t\t\t\t<div class=\"elementor-background-overlay\"><\/div>\n\t\t\t\t\t\t\t<div class=\"elementor-container elementor-column-gap-no\">\n\t\t\t\t\t<div class=\"elementor-column elementor-col-100 elementor-top-column elementor-element elementor-element-99d7f03\" data-id=\"99d7f03\" data-element_type=\"column\">\n\t\t\t<div class=\"elementor-widget-wrap elementor-element-populated\">\n\t\t\t\t\t\t<div class=\"elementor-element elementor-element-d6c16c0 elementor-widget elementor-widget-heading\" data-id=\"d6c16c0\" data-element_type=\"widget\" data-widget_type=\"heading.default\">\n\t\t\t\t<div class=\"elementor-widget-container\">\n\t\t\t\t\t<h5 class=\"elementor-heading-title elementor-size-default\">Warto korzysta\u0107 z us\u0142ug biura rachunkowego<\/h5>\t\t\t\t<\/div>\n\t\t\t\t<\/div>\n\t\t\t\t<div class=\"elementor-element elementor-element-e4ee66b elementor-widget elementor-widget-heading\" data-id=\"e4ee66b\" data-element_type=\"widget\" data-widget_type=\"heading.default\">\n\t\t\t\t<div class=\"elementor-widget-container\">\n\t\t\t\t\t<h1 class=\"elementor-heading-title elementor-size-default\">Warto nam zaufa\u0107<\/h1>\t\t\t\t<\/div>\n\t\t\t\t<\/div>\n\t\t\t\t\t<\/div>\n\t\t<\/div>\n\t\t\t\t\t<\/div>\n\t\t<\/section>\n\t\t\t\t<section class=\"elementor-section elementor-top-section elementor-element elementor-element-689dd35 elementor-section-content-middle elementor-section-boxed elementor-section-height-default elementor-section-height-default\" data-id=\"689dd35\" data-element_type=\"section\">\n\t\t\t\t\t\t<div class=\"elementor-container elementor-column-gap-no\">\n\t\t\t\t\t<div class=\"elementor-column elementor-col-100 elementor-top-column elementor-element elementor-element-e43ad80\" data-id=\"e43ad80\" data-element_type=\"column\">\n\t\t\t<div class=\"elementor-widget-wrap elementor-element-populated\">\n\t\t\t\t\t\t<div class=\"elementor-element elementor-element-e45ac2d elementor-widget elementor-widget-heading\" data-id=\"e45ac2d\" data-element_type=\"widget\" data-widget_type=\"heading.default\">\n\t\t\t\t<div class=\"elementor-widget-container\">\n\t\t\t\t\t<h5 class=\"elementor-heading-title elementor-size-default\">kilka Dobrych powod\u00f3w<\/h5>\t\t\t\t<\/div>\n\t\t\t\t<\/div>\n\t\t\t\t<div class=\"elementor-element elementor-element-32e2fb6 elementor-widget elementor-widget-heading\" data-id=\"32e2fb6\" data-element_type=\"widget\" data-widget_type=\"heading.default\">\n\t\t\t\t<div class=\"elementor-widget-container\">\n\t\t\t\t\t<h2 class=\"elementor-heading-title elementor-size-default\">Czyli plusy ze wsp\u00f3\u0142pracy z MEGA Biurem<\/h2>\t\t\t\t<\/div>\n\t\t\t\t<\/div>\n\t\t\t\t<section class=\"elementor-section elementor-inner-section elementor-element elementor-element-bacaf98 elementor-section-boxed elementor-section-height-default elementor-section-height-default\" data-id=\"bacaf98\" data-element_type=\"section\">\n\t\t\t\t\t\t<div class=\"elementor-container elementor-column-gap-no\">\n\t\t\t\t\t<div class=\"elementor-column elementor-col-33 elementor-inner-column elementor-element elementor-element-55faf92\" data-id=\"55faf92\" data-element_type=\"column\">\n\t\t\t<div class=\"elementor-widget-wrap elementor-element-populated\">\n\t\t\t\t\t\t<div class=\"elementor-element elementor-element-dc66b06 elementor-view-stacked elementor-shape-circle elementor-position-top elementor-mobile-position-top elementor-widget elementor-widget-icon-box\" data-id=\"dc66b06\" data-element_type=\"widget\" data-widget_type=\"icon-box.default\">\n\t\t\t\t<div class=\"elementor-widget-container\">\n\t\t\t\t\t\t\t<div class=\"elementor-icon-box-wrapper\">\n\n\t\t\t\t\t\t<div class=\"elementor-icon-box-icon\">\n\t\t\t\t<span  class=\"elementor-icon elementor-animation-grow\">\n\t\t\t\t<i aria-hidden=\"true\" class=\"far fa-clock\"><\/i>\t\t\t\t<\/span>\n\t\t\t<\/div>\n\t\t\t\n\t\t\t\t\t\t<div class=\"elementor-icon-box-content\">\n\n\t\t\t\t\t\t\t\t\t<h4 class=\"elementor-icon-box-title\">\n\t\t\t\t\t\t<span  >\n\t\t\t\t\t\t\tOszcz\u0119dno\u015b\u0107 czasu\t\t\t\t\t\t<\/span>\n\t\t\t\t\t<\/h4>\n\t\t\t\t\n\t\t\t\t\t\t\t\t\t<p class=\"elementor-icon-box-description\">\n\t\t\t\t\t\tTw\u00f3j czas jest najcenniejszy.\n<\/br>Pomy\u015bl ile czasu po\u015bwi\u0119casz lub musia\u0142by\u015b po\u015bwi\u0119ci\u0107 na comiesi\u0119czne wype\u0142nianie dokument\u00f3w, prowadzenie ksi\u0105g podatkowych, wype\u0142nianie deklaracji.\t\t\t\t\t<\/p>\n\t\t\t\t\n\t\t\t<\/div>\n\t\t\t\n\t\t<\/div>\n\t\t\t\t\t\t<\/div>\n\t\t\t\t<\/div>\n\t\t\t\t\t<\/div>\n\t\t<\/div>\n\t\t\t\t<div class=\"elementor-column elementor-col-33 elementor-inner-column elementor-element elementor-element-75490df\" data-id=\"75490df\" data-element_type=\"column\">\n\t\t\t<div class=\"elementor-widget-wrap elementor-element-populated\">\n\t\t\t\t\t\t<div class=\"elementor-element elementor-element-ccd74ac elementor-view-stacked elementor-shape-circle elementor-position-top elementor-mobile-position-top elementor-widget elementor-widget-icon-box\" data-id=\"ccd74ac\" data-element_type=\"widget\" data-widget_type=\"icon-box.default\">\n\t\t\t\t<div class=\"elementor-widget-container\">\n\t\t\t\t\t\t\t<div class=\"elementor-icon-box-wrapper\">\n\n\t\t\t\t\t\t<div class=\"elementor-icon-box-icon\">\n\t\t\t\t<span  class=\"elementor-icon elementor-animation-grow\">\n\t\t\t\t<i aria-hidden=\"true\" class=\"fas fa-check\"><\/i>\t\t\t\t<\/span>\n\t\t\t<\/div>\n\t\t\t\n\t\t\t\t\t\t<div class=\"elementor-icon-box-content\">\n\n\t\t\t\t\t\t\t\t\t<h4 class=\"elementor-icon-box-title\">\n\t\t\t\t\t\t<span  >\n\t\t\t\t\t\t\tBezpiecze\u0144stwo firmy\t\t\t\t\t\t<\/span>\n\t\t\t\t\t<\/h4>\n\t\t\t\t\n\t\t\t\t\t\t\t\t\t<p class=\"elementor-icon-box-description\">\n\t\t\t\t\t\tPosiadamy Certyfikat Ministera Finans\u00f3w, potwierdzaj\u0105cy wiedz\u0119 i umiej\u0119tno\u015bci w zakresie ksi\u0119gowo\u015bci i rachunkowo\u015bci. Certyfikat stanowi swoist\u0105 gwarancj\u0119, \u017ce Twoje rozliczenia podatkowe b\u0119d\u0105 prowadzone w spos\u00f3b w\u0142a\u015bciwy.\t\t\t\t\t<\/p>\n\t\t\t\t\n\t\t\t<\/div>\n\t\t\t\n\t\t<\/div>\n\t\t\t\t\t\t<\/div>\n\t\t\t\t<\/div>\n\t\t\t\t\t<\/div>\n\t\t<\/div>\n\t\t\t\t<div class=\"elementor-column elementor-col-33 elementor-inner-column elementor-element elementor-element-f794229\" data-id=\"f794229\" data-element_type=\"column\">\n\t\t\t<div class=\"elementor-widget-wrap elementor-element-populated\">\n\t\t\t\t\t\t<div class=\"elementor-element elementor-element-c617d9f elementor-view-stacked elementor-shape-circle elementor-position-top elementor-mobile-position-top elementor-widget elementor-widget-icon-box\" data-id=\"c617d9f\" data-element_type=\"widget\" data-widget_type=\"icon-box.default\">\n\t\t\t\t<div class=\"elementor-widget-container\">\n\t\t\t\t\t\t\t<div class=\"elementor-icon-box-wrapper\">\n\n\t\t\t\t\t\t<div class=\"elementor-icon-box-icon\">\n\t\t\t\t<span  class=\"elementor-icon elementor-animation-grow\">\n\t\t\t\t<i aria-hidden=\"true\" class=\"far fa-thumbs-up\"><\/i>\t\t\t\t<\/span>\n\t\t\t<\/div>\n\t\t\t\n\t\t\t\t\t\t<div class=\"elementor-icon-box-content\">\n\n\t\t\t\t\t\t\t\t\t<h4 class=\"elementor-icon-box-title\">\n\t\t\t\t\t\t<span  >\n\t\t\t\t\t\t\tOdpowiedzialno\u015b\u0107\t\t\t\t\t\t<\/span>\n\t\t\t\t\t<\/h4>\n\t\t\t\t\n\t\t\t\t\t\t\t\t\t<p class=\"elementor-icon-box-description\">\n\t\t\t\t\t\tMEGA Biuro rachunkowe posiada odpowiednie ubezpieczenie odpowiedzialno\u015bci cywilnej (OC) od szk\u00f3d wyrz\u0105dzonych w nast\u0119pstwie wykonywania tych us\u0142ug (np. b\u0142\u0119d\u00f3w podatkowych), zgodnie z ustaw\u0105 obowi\u0105zkowe (Dz. U. nr 234, poz. 1576).\t\t\t\t\t<\/p>\n\t\t\t\t\n\t\t\t<\/div>\n\t\t\t\n\t\t<\/div>\n\t\t\t\t\t\t<\/div>\n\t\t\t\t<\/div>\n\t\t\t\t\t<\/div>\n\t\t<\/div>\n\t\t\t\t\t<\/div>\n\t\t<\/section>\n\t\t\t\t<section class=\"elementor-section elementor-inner-section elementor-element elementor-element-e4d858e elementor-section-boxed elementor-section-height-default elementor-section-height-default\" data-id=\"e4d858e\" data-element_type=\"section\">\n\t\t\t\t\t\t<div class=\"elementor-container elementor-column-gap-no\">\n\t\t\t\t\t<div class=\"elementor-column elementor-col-33 elementor-inner-column elementor-element elementor-element-baa67f9\" data-id=\"baa67f9\" data-element_type=\"column\">\n\t\t\t<div class=\"elementor-widget-wrap elementor-element-populated\">\n\t\t\t\t\t\t<div class=\"elementor-element elementor-element-8b351e7 elementor-view-stacked elementor-shape-circle elementor-position-top elementor-mobile-position-top elementor-widget elementor-widget-icon-box\" data-id=\"8b351e7\" data-element_type=\"widget\" data-widget_type=\"icon-box.default\">\n\t\t\t\t<div class=\"elementor-widget-container\">\n\t\t\t\t\t\t\t<div class=\"elementor-icon-box-wrapper\">\n\n\t\t\t\t\t\t<div class=\"elementor-icon-box-icon\">\n\t\t\t\t<span  class=\"elementor-icon elementor-animation-grow\">\n\t\t\t\t<i aria-hidden=\"true\" class=\"fas fa-dollar-sign\"><\/i>\t\t\t\t<\/span>\n\t\t\t<\/div>\n\t\t\t\n\t\t\t\t\t\t<div class=\"elementor-icon-box-content\">\n\n\t\t\t\t\t\t\t\t\t<h4 class=\"elementor-icon-box-title\">\n\t\t\t\t\t\t<span  >\n\t\t\t\t\t\t\tOszczedno\u015b\u0107 pieni\u0119dzy\t\t\t\t\t\t<\/span>\n\t\t\t\t\t<\/h4>\n\t\t\t\t\n\t\t\t\t\t\t\t\t\t<p class=\"elementor-icon-box-description\">\n\t\t\t\t\t\tBrak kosztu zatrudnienia wykwalifikowanego ksi\u0119gowego, kt\u00f3ry prowadzi\u0142by ksi\u0119gowo\u015b\u0107 w imieniu Twojego biznesu.\n<\/br>Zlecenie tych us\u0142ug profesjonalnej obs\u0142udze biura rachunkowego, jest ta\u0144sze, a jako\u015b\u0107 us\u0142ug jest jest na najwy\u017cszym poziomie.\t\t\t\t\t<\/p>\n\t\t\t\t\n\t\t\t<\/div>\n\t\t\t\n\t\t<\/div>\n\t\t\t\t\t\t<\/div>\n\t\t\t\t<\/div>\n\t\t\t\t\t<\/div>\n\t\t<\/div>\n\t\t\t\t<div class=\"elementor-column elementor-col-33 elementor-inner-column elementor-element elementor-element-4745c56\" data-id=\"4745c56\" data-element_type=\"column\">\n\t\t\t<div class=\"elementor-widget-wrap elementor-element-populated\">\n\t\t\t\t\t\t<div class=\"elementor-element elementor-element-b11db17 elementor-view-stacked elementor-shape-circle elementor-position-top elementor-mobile-position-top elementor-widget elementor-widget-icon-box\" data-id=\"b11db17\" data-element_type=\"widget\" data-widget_type=\"icon-box.default\">\n\t\t\t\t<div class=\"elementor-widget-container\">\n\t\t\t\t\t\t\t<div class=\"elementor-icon-box-wrapper\">\n\n\t\t\t\t\t\t<div class=\"elementor-icon-box-icon\">\n\t\t\t\t<span  class=\"elementor-icon elementor-animation-grow\">\n\t\t\t\t<i aria-hidden=\"true\" class=\"fas fa-smile\"><\/i>\t\t\t\t<\/span>\n\t\t\t<\/div>\n\t\t\t\n\t\t\t\t\t\t<div class=\"elementor-icon-box-content\">\n\n\t\t\t\t\t\t\t\t\t<h4 class=\"elementor-icon-box-title\">\n\t\t\t\t\t\t<span  >\n\t\t\t\t\t\t\tWygoda\t\t\t\t\t\t<\/span>\n\t\t\t\t\t<\/h4>\n\t\t\t\t\n\t\t\t\t\t\t\t\t\t<p class=\"elementor-icon-box-description\">\n\t\t\t\t\t\tKorzystaj\u0105c z us\u0142ug MEGA Biura rachunkowego przekazujesz wymagane dokumenty, a My zajmujemy si\u0119 reszt\u0105.<br>Ty po\u015bwi\u0119casz czas swojemu biznesowi, my kompleksowo obs\u0142ugujemy ksi\u0119gowo\u015b\u0107 Twojego biznesu.\t\t\t\t\t<\/p>\n\t\t\t\t\n\t\t\t<\/div>\n\t\t\t\n\t\t<\/div>\n\t\t\t\t\t\t<\/div>\n\t\t\t\t<\/div>\n\t\t\t\t\t<\/div>\n\t\t<\/div>\n\t\t\t\t<div class=\"elementor-column elementor-col-33 elementor-inner-column elementor-element elementor-element-66194c0\" data-id=\"66194c0\" data-element_type=\"column\">\n\t\t\t<div class=\"elementor-widget-wrap elementor-element-populated\">\n\t\t\t\t\t\t<div class=\"elementor-element elementor-element-321144e elementor-view-stacked elementor-shape-circle elementor-position-top elementor-mobile-position-top elementor-widget elementor-widget-icon-box\" data-id=\"321144e\" data-element_type=\"widget\" data-widget_type=\"icon-box.default\">\n\t\t\t\t<div class=\"elementor-widget-container\">\n\t\t\t\t\t\t\t<div class=\"elementor-icon-box-wrapper\">\n\n\t\t\t\t\t\t<div class=\"elementor-icon-box-icon\">\n\t\t\t\t<span  class=\"elementor-icon elementor-animation-grow\">\n\t\t\t\t<i aria-hidden=\"true\" class=\"fas fa-bullseye\"><\/i>\t\t\t\t<\/span>\n\t\t\t<\/div>\n\t\t\t\n\t\t\t\t\t\t<div class=\"elementor-icon-box-content\">\n\n\t\t\t\t\t\t\t\t\t<h4 class=\"elementor-icon-box-title\">\n\t\t\t\t\t\t<span  >\n\t\t\t\t\t\t\tRozwi\u0105zania\t\t\t\t\t\t<\/span>\n\t\t\t\t\t<\/h4>\n\t\t\t\t\n\t\t\t\t\t\t\t\t\t<p class=\"elementor-icon-box-description\">\n\t\t\t\t\t\tJe\u015bli masz pytania w\u0105tpliwo\u015bci mo\u017cesz do nas zadzwoni\u0107 - udzielimy Tobie odpowiedzi i pomo\u017cemy w formalno\u015bciach. \nW razie wyst\u0105pienia skomplikowanych problem\u00f3w zwr\u00f3cimy si\u0119 o odpowiedni\u0105 interpretacj\u0119 do biura informacji podatkowej. Przeka\u017cemy Ci odpowied\u017a w spos\u00f3b przyst\u0119pny i zrozumia\u0142y.\t\t\t\t\t<\/p>\n\t\t\t\t\n\t\t\t<\/div>\n\t\t\t\n\t\t<\/div>\n\t\t\t\t\t\t<\/div>\n\t\t\t\t<\/div>\n\t\t\t\t\t<\/div>\n\t\t<\/div>\n\t\t\t\t\t<\/div>\n\t\t<\/section>\n\t\t\t\t\t<\/div>\n\t\t<\/div>\n\t\t\t\t\t<\/div>\n\t\t<\/section>\n\t\t\t\t<section class=\"elementor-section elementor-top-section elementor-element elementor-element-c6d7959 elementor-section-content-middle elementor-section-boxed elementor-section-height-default elementor-section-height-default\" data-id=\"c6d7959\" data-element_type=\"section\" data-settings=\"{&quot;background_background&quot;:&quot;classic&quot;}\">\n\t\t\t\t\t\t\t<div class=\"elementor-background-overlay\"><\/div>\n\t\t\t\t\t\t\t<div class=\"elementor-container elementor-column-gap-no\">\n\t\t\t\t\t<div class=\"elementor-column elementor-col-50 elementor-top-column elementor-element elementor-element-a330c0a\" data-id=\"a330c0a\" data-element_type=\"column\">\n\t\t\t<div class=\"elementor-widget-wrap elementor-element-populated\">\n\t\t\t\t\t\t<div class=\"elementor-element elementor-element-c687a14 elementor-widget elementor-widget-heading\" data-id=\"c687a14\" data-element_type=\"widget\" data-widget_type=\"heading.default\">\n\t\t\t\t<div class=\"elementor-widget-container\">\n\t\t\t\t\t<h5 class=\"elementor-heading-title elementor-size-default\">\nBezp\u0142atna Wycena Us\u0142ug<\/h5>\t\t\t\t<\/div>\n\t\t\t\t<\/div>\n\t\t\t\t<div class=\"elementor-element elementor-element-2cb83a9 elementor-widget elementor-widget-heading\" data-id=\"2cb83a9\" data-element_type=\"widget\" data-widget_type=\"heading.default\">\n\t\t\t\t<div class=\"elementor-widget-container\">\n\t\t\t\t\t<h2 class=\"elementor-heading-title elementor-size-default\">Zapraszamy Do Wsp\u00f3\u0142pracy\u200b<\/h2>\t\t\t\t<\/div>\n\t\t\t\t<\/div>\n\t\t\t\t<div class=\"elementor-element elementor-element-bf23f6a elementor-widget elementor-widget-text-editor\" data-id=\"bf23f6a\" data-element_type=\"widget\" data-widget_type=\"text-editor.default\">\n\t\t\t\t<div class=\"elementor-widget-container\">\n\t\t\t\t\t\t\t\t\t<p>Je\u017celi rozpoczynasz prowadzenie dzia\u0142alno\u015bci, szukasz sprawdzonego i rzetelnego biura rachunkowego, lub po prostu masz pytania, kt\u00f3re rozwiej\u0105 Twoje w\u0105tpliwo\u015bci, skontaktuj si\u0119 z nami.<\/p><p>W najkr\u00f3tszym mo\u017cliwym czasie, skontaktuje si\u0119 z Tob\u0105 nasz specjalista aby om\u00f3wi\u0107 szczeg\u00f3\u0142y wsp\u00f3\u0142pracy.<\/p>\t\t\t\t\t\t\t\t<\/div>\n\t\t\t\t<\/div>\n\t\t\t\t\t<\/div>\n\t\t<\/div>\n\t\t\t\t<div class=\"elementor-column elementor-col-50 elementor-top-column elementor-element elementor-element-a9893c7\" data-id=\"a9893c7\" data-element_type=\"column\">\n\t\t\t<div class=\"elementor-widget-wrap elementor-element-populated\">\n\t\t\t\t\t\t<div class=\"elementor-element elementor-element-c0872fa elementor-align-right elementor-mobile-align-center elementor-widget elementor-widget-button\" data-id=\"c0872fa\" data-element_type=\"widget\" data-widget_type=\"button.default\">\n\t\t\t\t<div class=\"elementor-widget-container\">\n\t\t\t\t\t\t\t\t\t<div class=\"elementor-button-wrapper\">\n\t\t\t\t\t<a class=\"elementor-button elementor-button-link elementor-size-md\" href=\"\/kontakt\">\n\t\t\t\t\t\t<span class=\"elementor-button-content-wrapper\">\n\t\t\t\t\t\t\t\t\t<span class=\"elementor-button-text\">Zadzwo\u0144 lub napisz<\/span>\n\t\t\t\t\t<\/span>\n\t\t\t\t\t<\/a>\n\t\t\t\t<\/div>\n\t\t\t\t\t\t\t\t<\/div>\n\t\t\t\t<\/div>\n\t\t\t\t\t<\/div>\n\t\t<\/div>\n\t\t\t\t\t<\/div>\n\t\t<\/section>\n\t\t\t\t<\/div>\n\t\t","protected":false},"excerpt":{"rendered":"<p>Warto korzysta\u0107 z us\u0142ug biura rachunkowego Warto nam zaufa\u0107 kilka Dobrych powod\u00f3w Czyli plusy ze wsp\u00f3\u0142pracy z MEGA Biurem Oszcz\u0119dno\u015b\u0107 czasu Tw\u00f3j czas jest najcenniejszy. Pomy\u015bl ile czasu po\u015bwi\u0119casz lub musia\u0142by\u015b po\u015bwi\u0119ci\u0107 na comiesi\u0119czne wype\u0142nianie dokument\u00f3w, prowadzenie ksi\u0105g podatkowych, wype\u0142nianie deklaracji. Bezpiecze\u0144stwo firmy Posiadamy Certyfikat Ministera Finans\u00f3w, potwierdzaj\u0105cy wiedz\u0119 i umiej\u0119tno\u015bci w zakresie ksi\u0119gowo\u015bci i &hellip;<\/p>\n<p class=\"read-more\"> <a class=\"\" href=\"https:\/\/megabiuro.com.pl\/index.php\/zaufanie\/\"> <span class=\"screen-reader-text\">Warto nam zaufa\u0107<\/span> Read More &raquo;<\/a><\/p>\n","protected":false},"author":1,"featured_media":0,"parent":0,"menu_order":0,"comment_status":"closed","ping_status":"closed","template":"","meta":{"site-sidebar-layout":"default","site-content-layout":"page-builder","ast-global-header-display":"","ast-main-header-display":"","ast-hfb-above-header-display":"","ast-hfb-below-header-display":"","ast-hfb-mobile-header-display":"","site-post-title":"disabled","ast-breadcrumbs-content":"","ast-featured-img":"disabled","footer-sml-layout":"","theme-transparent-header-meta":"enabled","adv-header-id-meta":"","stick-header-meta":"","header-above-stick-meta":"","header-main-stick-meta":"","header-below-stick-meta":"","footnotes":""},"class_list":["post-12","page","type-page","status-publish","hentry"],"yoast_head":"<!-- This site is optimized with the Yoast SEO plugin v26.6 - https:\/\/yoast.com\/wordpress\/plugins\/seo\/ -->\n<title>Warto nam zaufa\u0107 - Mega Biuro Rachunkowe Jas\u0142o<\/title>\n<meta name=\"robots\" content=\"index, follow, max-snippet:-1, max-image-preview:large, max-video-preview:-1\" \/>\n<link rel=\"canonical\" href=\"https:\/\/megabiuro.com.pl\/index.php\/zaufanie\/\" \/>\n<meta property=\"og:locale\" content=\"pl_PL\" \/>\n<meta property=\"og:type\" content=\"article\" \/>\n<meta property=\"og:title\" content=\"Warto nam zaufa\u0107 - Mega Biuro Rachunkowe Jas\u0142o\" \/>\n<meta property=\"og:description\" content=\"Warto korzysta\u0107 z us\u0142ug biura rachunkowego Warto nam zaufa\u0107 kilka Dobrych powod\u00f3w Czyli plusy ze wsp\u00f3\u0142pracy z MEGA Biurem Oszcz\u0119dno\u015b\u0107 czasu Tw\u00f3j czas jest najcenniejszy. Pomy\u015bl ile czasu po\u015bwi\u0119casz lub musia\u0142by\u015b po\u015bwi\u0119ci\u0107 na comiesi\u0119czne wype\u0142nianie dokument\u00f3w, prowadzenie ksi\u0105g podatkowych, wype\u0142nianie deklaracji. Bezpiecze\u0144stwo firmy Posiadamy Certyfikat Ministera Finans\u00f3w, potwierdzaj\u0105cy wiedz\u0119 i umiej\u0119tno\u015bci w zakresie ksi\u0119gowo\u015bci i &hellip; Warto nam zaufa\u0107 Read More &raquo;\" \/>\n<meta property=\"og:url\" content=\"https:\/\/megabiuro.com.pl\/index.php\/zaufanie\/\" \/>\n<meta property=\"og:site_name\" content=\"Mega Biuro Rachunkowe Jas\u0142o\" \/>\n<meta property=\"article:modified_time\" content=\"2022-01-03T16:36:47+00:00\" \/>\n<meta name=\"twitter:card\" content=\"summary_large_image\" \/>\n<meta name=\"twitter:label1\" content=\"Szacowany czas czytania\" \/>\n\t<meta name=\"twitter:data1\" content=\"2 minuty\" \/>\n<script type=\"application\/ld+json\" class=\"yoast-schema-graph\">{\"@context\":\"https:\/\/schema.org\",\"@graph\":[{\"@type\":\"WebPage\",\"@id\":\"https:\/\/megabiuro.com.pl\/index.php\/zaufanie\/\",\"url\":\"https:\/\/megabiuro.com.pl\/index.php\/zaufanie\/\",\"name\":\"Warto nam zaufa\u0107 - Mega Biuro Rachunkowe Jas\u0142o\",\"isPartOf\":{\"@id\":\"https:\/\/megabiuro.com.pl\/#website\"},\"datePublished\":\"2018-08-27T12:17:23+00:00\",\"dateModified\":\"2022-01-03T16:36:47+00:00\",\"breadcrumb\":{\"@id\":\"https:\/\/megabiuro.com.pl\/index.php\/zaufanie\/#breadcrumb\"},\"inLanguage\":\"pl-PL\",\"potentialAction\":[{\"@type\":\"ReadAction\",\"target\":[\"https:\/\/megabiuro.com.pl\/index.php\/zaufanie\/\"]}]},{\"@type\":\"BreadcrumbList\",\"@id\":\"https:\/\/megabiuro.com.pl\/index.php\/zaufanie\/#breadcrumb\",\"itemListElement\":[{\"@type\":\"ListItem\",\"position\":1,\"name\":\"Strona g\u0142\u00f3wna\",\"item\":\"https:\/\/megabiuro.com.pl\/\"},{\"@type\":\"ListItem\",\"position\":2,\"name\":\"Warto nam zaufa\u0107\"}]},{\"@type\":\"WebSite\",\"@id\":\"https:\/\/megabiuro.com.pl\/#website\",\"url\":\"https:\/\/megabiuro.com.pl\/\",\"name\":\"Mega Biuro Rachunkowe Jas\u0142o\",\"description\":\"\",\"publisher\":{\"@id\":\"https:\/\/megabiuro.com.pl\/#organization\"},\"potentialAction\":[{\"@type\":\"SearchAction\",\"target\":{\"@type\":\"EntryPoint\",\"urlTemplate\":\"https:\/\/megabiuro.com.pl\/?s={search_term_string}\"},\"query-input\":{\"@type\":\"PropertyValueSpecification\",\"valueRequired\":true,\"valueName\":\"search_term_string\"}}],\"inLanguage\":\"pl-PL\"},{\"@type\":\"Organization\",\"@id\":\"https:\/\/megabiuro.com.pl\/#organization\",\"name\":\"Mega Biuro Rachunkowe Jas\u0142o\",\"url\":\"https:\/\/megabiuro.com.pl\/\",\"logo\":{\"@type\":\"ImageObject\",\"inLanguage\":\"pl-PL\",\"@id\":\"https:\/\/megabiuro.com.pl\/#\/schema\/logo\/image\/\",\"url\":\"https:\/\/megabiuro.com.pl\/wp-content\/uploads\/2021\/01\/MEGA-BIURO-min.png\",\"contentUrl\":\"https:\/\/megabiuro.com.pl\/wp-content\/uploads\/2021\/01\/MEGA-BIURO-min.png\",\"width\":384,\"height\":254,\"caption\":\"Mega Biuro Rachunkowe Jas\u0142o\"},\"image\":{\"@id\":\"https:\/\/megabiuro.com.pl\/#\/schema\/logo\/image\/\"}}]}<\/script>\n<!-- \/ Yoast SEO plugin. -->","yoast_head_json":{"title":"Warto nam zaufa\u0107 - Mega Biuro Rachunkowe Jas\u0142o","robots":{"index":"index","follow":"follow","max-snippet":"max-snippet:-1","max-image-preview":"max-image-preview:large","max-video-preview":"max-video-preview:-1"},"canonical":"https:\/\/megabiuro.com.pl\/index.php\/zaufanie\/","og_locale":"pl_PL","og_type":"article","og_title":"Warto nam zaufa\u0107 - Mega Biuro Rachunkowe Jas\u0142o","og_description":"Warto korzysta\u0107 z us\u0142ug biura rachunkowego Warto nam zaufa\u0107 kilka Dobrych powod\u00f3w Czyli plusy ze wsp\u00f3\u0142pracy z MEGA Biurem Oszcz\u0119dno\u015b\u0107 czasu Tw\u00f3j czas jest najcenniejszy. Pomy\u015bl ile czasu po\u015bwi\u0119casz lub musia\u0142by\u015b po\u015bwi\u0119ci\u0107 na comiesi\u0119czne wype\u0142nianie dokument\u00f3w, prowadzenie ksi\u0105g podatkowych, wype\u0142nianie deklaracji. Bezpiecze\u0144stwo firmy Posiadamy Certyfikat Ministera Finans\u00f3w, potwierdzaj\u0105cy wiedz\u0119 i umiej\u0119tno\u015bci w zakresie ksi\u0119gowo\u015bci i &hellip; Warto nam zaufa\u0107 Read More &raquo;","og_url":"https:\/\/megabiuro.com.pl\/index.php\/zaufanie\/","og_site_name":"Mega Biuro Rachunkowe Jas\u0142o","article_modified_time":"2022-01-03T16:36:47+00:00","twitter_card":"summary_large_image","twitter_misc":{"Szacowany czas czytania":"2 minuty"},"schema":{"@context":"https:\/\/schema.org","@graph":[{"@type":"WebPage","@id":"https:\/\/megabiuro.com.pl\/index.php\/zaufanie\/","url":"https:\/\/megabiuro.com.pl\/index.php\/zaufanie\/","name":"Warto nam zaufa\u0107 - Mega Biuro Rachunkowe Jas\u0142o","isPartOf":{"@id":"https:\/\/megabiuro.com.pl\/#website"},"datePublished":"2018-08-27T12:17:23+00:00","dateModified":"2022-01-03T16:36:47+00:00","breadcrumb":{"@id":"https:\/\/megabiuro.com.pl\/index.php\/zaufanie\/#breadcrumb"},"inLanguage":"pl-PL","potentialAction":[{"@type":"ReadAction","target":["https:\/\/megabiuro.com.pl\/index.php\/zaufanie\/"]}]},{"@type":"BreadcrumbList","@id":"https:\/\/megabiuro.com.pl\/index.php\/zaufanie\/#breadcrumb","itemListElement":[{"@type":"ListItem","position":1,"name":"Strona g\u0142\u00f3wna","item":"https:\/\/megabiuro.com.pl\/"},{"@type":"ListItem","position":2,"name":"Warto nam zaufa\u0107"}]},{"@type":"WebSite","@id":"https:\/\/megabiuro.com.pl\/#website","url":"https:\/\/megabiuro.com.pl\/","name":"Mega Biuro Rachunkowe Jas\u0142o","description":"","publisher":{"@id":"https:\/\/megabiuro.com.pl\/#organization"},"potentialAction":[{"@type":"SearchAction","target":{"@type":"EntryPoint","urlTemplate":"https:\/\/megabiuro.com.pl\/?s={search_term_string}"},"query-input":{"@type":"PropertyValueSpecification","valueRequired":true,"valueName":"search_term_string"}}],"inLanguage":"pl-PL"},{"@type":"Organization","@id":"https:\/\/megabiuro.com.pl\/#organization","name":"Mega Biuro Rachunkowe Jas\u0142o","url":"https:\/\/megabiuro.com.pl\/","logo":{"@type":"ImageObject","inLanguage":"pl-PL","@id":"https:\/\/megabiuro.com.pl\/#\/schema\/logo\/image\/","url":"https:\/\/megabiuro.com.pl\/wp-content\/uploads\/2021\/01\/MEGA-BIURO-min.png","contentUrl":"https:\/\/megabiuro.com.pl\/wp-content\/uploads\/2021\/01\/MEGA-BIURO-min.png","width":384,"height":254,"caption":"Mega Biuro Rachunkowe Jas\u0142o"},"image":{"@id":"https:\/\/megabiuro.com.pl\/#\/schema\/logo\/image\/"}}]}},"_links":{"self":[{"href":"https:\/\/megabiuro.com.pl\/index.php\/wp-json\/wp\/v2\/pages\/12","targetHints":{"allow":["GET"]}}],"collection":[{"href":"https:\/\/megabiuro.com.pl\/index.php\/wp-json\/wp\/v2\/pages"}],"about":[{"href":"https:\/\/megabiuro.com.pl\/index.php\/wp-json\/wp\/v2\/types\/page"}],"author":[{"embeddable":true,"href":"https:\/\/megabiuro.com.pl\/index.php\/wp-json\/wp\/v2\/users\/1"}],"replies":[{"embeddable":true,"href":"https:\/\/megabiuro.com.pl\/index.php\/wp-json\/wp\/v2\/comments?post=12"}],"version-history":[{"count":16,"href":"https:\/\/megabiuro.com.pl\/index.php\/wp-json\/wp\/v2\/pages\/12\/revisions"}],"predecessor-version":[{"id":704,"href":"https:\/\/megabiuro.com.pl\/index.php\/wp-json\/wp\/v2\/pages\/12\/revisions\/704"}],"wp:attachment":[{"href":"https:\/\/megabiuro.com.pl\/index.php\/wp-json\/wp\/v2\/media?parent=12"}],"curies":[{"name":"wp","href":"https:\/\/api.w.org\/{rel}","templated":true}]}}